{"id":1892,"date":"2016-09-28T07:20:31","date_gmt":"2016-09-28T07:20:31","guid":{"rendered":"http:\/\/demoapus-wp.com\/noanet\/?page_id=1892"},"modified":"2024-01-11T11:10:53","modified_gmt":"2024-01-11T11:10:53","slug":"fqa","status":"publish","type":"page","link":"https:\/\/marconiwisp.it\/web\/fqa\/","title":{"rendered":"FAQ"},"content":{"rendered":"<section class=\"kc-elm kc-css-883027 kc_row\"><div class=\"kc-row-container  kc-container\"><div class=\"kc-wrap-columns\"><div class=\"kc-elm kc-css-308117 kc_col-sm-12 kc_column kc_col-sm-12\"><div class=\"kc-col-container\"><div class=\"kc-elm kc-css-437496 kc_row kc_row_inner\"><div class=\"kc-elm kc-css-605962 kc_col-sm-12 kc_column_inner kc_col-sm-12\"><div class=\"kc_wrapper kc-col-inner-container\"><div class=\"kc-elm kc-css-76870 hidden-sm hidden-xs\" style=\"height: 50px; clear: both; width:100%;\"><\/div>\n<div class=\"kc-elm kc-css-20384 kc-title-wrap  left dark\">\n\n\t<div class=\"title-wrapper\" ><h3 class=\"kc_title\"><span>Risposte su <\/span> Installazioni \/ Commerciale \/ Amministrativo<\/h3><\/div>\n<\/div>\n<div class=\"kc-elm kc-css-737172\" style=\"height: 20px; clear: both; width:100%;\"><\/div><div class=\"kc-elm kc-css-734617 kc_text_block\"><\/p>\n<p>Per avere chiarimenti sul nostro servizio di connettivit\u00e0 o per risolvere un problema tecnico o amministrativo,\u00a0 potete contattare il nostro supporto inviando una e-mail a <a href=\"mailto:support@marconiwisp.it\">support@marconiwisp.it<\/a><\/p>\n<p>Prima di chiamare o inviare un&#039; e-mail, trova la risposta alle tue domande selezionando tra le seguenti:<\/p>\n<p>\n<\/div><div class=\"kc-elm kc-css-35436 hidden-sm hidden-xs\" style=\"height: 39px; clear: both; width:100%;\"><\/div><\/div><\/div><\/div><div class=\"kc-elm kc-css-544812 kc_row kc_row_inner\"><div class=\"kc-elm kc-css-854613 kc_col-sm-12 kc_column_inner kc_col-sm-12\"><div class=\"kc_wrapper kc-col-inner-container\"><div data-closeall=\"true\" class=\"kc-elm kc-css-922830 kc_accordion_wrapper\">\n<div class=\"kc-elm kc-css-102135 kc_accordion_section group \"><h3 class=\"kc_accordion_header ui-accordion-header\"><span class=\"ui-accordion-header-icon ui-icon\"><\/span><a href=\"#come-posso-chiedere-un-verifica\" data-prevent=\"scroll\"><i class=\"\"><\/i> Come posso chiedere un verifica?<\/a><\/h3><div class=\"kc_accordion_content ui-accordion-content kc_clearfix\"><div class=\"kc-panel-body\"><div class=\"kc-elm kc-css-210132 kc_text_block\"><\/p>\n<p>Puoi contattarci, dal Luned\u00ec al Venerd\u00ec dalle ore 09:00 alle 19:00 e il Sabato dalle 09:00 alle 18:00 (festivi esclusi), al numero <strong>0872.485111<\/strong> o inviare un messaggio al <strong>+39.391.4148688 ti ricontatteremo NOI!<\/strong> <br \/>Puoi anche rivolgerti ad uno dei nostri <strong>Partner<\/strong> autorizzati<\/p>\n<p>\n<\/div><\/div><\/div><\/div><div class=\"kc-elm kc-css-818450 kc_accordion_section group \"><h3 class=\"kc_accordion_header ui-accordion-header\"><span class=\"ui-accordion-header-icon ui-icon\"><\/span><a href=\"#come-funziona-la-fibra-wireless\" data-prevent=\"scroll\"><i class=\"\"><\/i> Come Funziona la fibra wireless?<\/a><\/h3><div class=\"kc_accordion_content ui-accordion-content kc_clearfix\"><div class=\"kc-panel-body\"><div class=\"kc-elm kc-css-478975 kc_text_block\"><\/p>\n<p>Per poter funzionare l\u2019impianto per la connessione internet sar\u00e0 necessario l\u2019installazione di un\u2019antenna esterna in comodato d\u2019uso gratuito.\u00a0<\/p>\n<p>L&#039;installazione include il montaggio dell&#039;antenna su un palo gi\u00e0 esistente sul tetto\/balcone e la posa del cavo fino a una lunghezza massima di 20 metri.<\/p>\n<p>\n<\/div><\/div><\/div><\/div><div class=\"kc-elm kc-css-588010 kc_accordion_section group \"><h3 class=\"kc_accordion_header ui-accordion-header\"><span class=\"ui-accordion-header-icon ui-icon\"><\/span><a href=\"#quali-sono-i-metodi-di-pagamento\" data-prevent=\"scroll\"><i class=\"\"><\/i> Quali sono i metodi di pagamento?<\/a><\/h3><div class=\"kc_accordion_content ui-accordion-content kc_clearfix\"><div class=\"kc-panel-body\"><div class=\"kc-elm kc-css-211566 kc_text_block\"><\/p>\n<p>La cadenza delle fatture sono bimestrali oppure puoi scegliere di pagare con un unica soluzione annuale.<br \/>In caso di pagamento\u00a0<strong>BIMESTRALE\u00a0<\/strong>puoi effettuare il saldo tramite:<\/p>\n<p><strong>&#8211; Bonifico Bancario<br \/><\/strong><\/p>\n<p><strong>&#8211; Addebito automatico su conto corrente (SDD<em>)<\/em><\/strong><\/p>\n<p>\n<\/div><\/div><\/div><\/div><div class=\"kc-elm kc-css-626572 kc_accordion_section group \"><h3 class=\"kc_accordion_header ui-accordion-header\"><span class=\"ui-accordion-header-icon ui-icon\"><\/span><a href=\"#ho-cambiato-casa-posso-trasferire-il-mio-abbonamento\" data-prevent=\"scroll\"><i class=\"\"><\/i>  Ho cambiato casa, posso trasferire il mio abbonamento?<\/a><\/h3><div class=\"kc_accordion_content ui-accordion-content kc_clearfix\"><div class=\"kc-panel-body\"><div class=\"kc-elm kc-css-920475 kc_text_block\"><\/p>\n<p>Certo, ma prima di chiedere il trasloco \u00e8 necessario\u00a0verificare la disponibilit\u00e0 del servizio Marconi WiSP presso il nuovo indirizzo, chiamando direttamente il numero +39.0872.485112.\u00a0 Potrai verificare direttamente con un operatore se nella tua nuova casa \u00e8 possibile effettuare il trasferimento. Inoltre sarai informato sul costo del trasferimento.<\/p>\n<p>\n<\/div><\/div><\/div><\/div><div class=\"kc-elm kc-css-33683 kc_accordion_section group \"><h3 class=\"kc_accordion_header ui-accordion-header\"><span class=\"ui-accordion-header-icon ui-icon\"><\/span><a href=\"#ho-limiti-di-connessione-e-di-traffico\" data-prevent=\"scroll\"><i class=\"\"><\/i> Ho limiti di connessione e di traffico?<\/a><\/h3><div class=\"kc_accordion_content ui-accordion-content kc_clearfix\"><div class=\"kc-panel-body\"><div class=\"kc-elm kc-css-470136 kc_text_block\"><\/p>\n<p>No, la connessione \u00e8 sempre attiva, 24 ore su 24, senza limiti di traffico!<\/p>\n<p>\n<\/div><\/div><\/div><\/div><div class=\"kc-elm kc-css-427676 kc_accordion_section group \"><h3 class=\"kc_accordion_header ui-accordion-header\"><span class=\"ui-accordion-header-icon ui-icon\"><\/span><a href=\"#come-apro-una-segnalazione\" data-prevent=\"scroll\"><i class=\"\"><\/i> Come apro una segnalazione?<\/a><\/h3><div class=\"kc_accordion_content ui-accordion-content kc_clearfix\"><div class=\"kc-panel-body\"><div class=\"kc-elm kc-css-159862 kc_text_block\"><\/p>\n<p>Per aprire una segnalazione tecnica o amministrativa puoi inviare semplicemente una e-mail a <a href=\"mailto:support@marconiwisp.it\">support@marconiwisp.it<\/a>,\u00a0 specificando il nome dell&#039;intestatario del contratto, il motivo della segnalazione ed un tuo recapito telefonico, sarai ricontattato direttamente da un nostro operatore <\/p>\n<p>\n<\/div><\/div><\/div><\/div><div class=\"kc-elm kc-css-817868 kc_accordion_section group \"><h3 class=\"kc_accordion_header ui-accordion-header\"><span class=\"ui-accordion-header-icon ui-icon\"><\/span><a href=\"#in-quanto-tempo-verra-attivato-il-servizio-internet\" data-prevent=\"scroll\"><i class=\"\"><\/i> In quanto tempo verr\u00e0 attivato il servizio internet?<\/a><\/h3><div class=\"kc_accordion_content ui-accordion-content kc_clearfix\"><div class=\"kc-panel-body\"><div class=\"kc-elm kc-css-765950 kc_text_block\"><\/p>\n<p>Entro 5 giorni dalla richiesta di attivazione del servizio. Dopo l&#039;installazione potrai subito navigare . Per altre esigenze potrai sempre contattarci telefonicamente.<\/p>\n<p>\n<\/div><\/div><\/div><\/div><div class=\"kc-elm kc-css-279886 kc_accordion_section group \"><h3 class=\"kc_accordion_header ui-accordion-header\"><span class=\"ui-accordion-header-icon ui-icon\"><\/span><a href=\"#come-funziona-lo-sconto-quotporta-un-amicoquot\" data-prevent=\"scroll\"><i class=\"\"><\/i> Come funziona lo sconto :quot:Porta un Amico:quot: ?<\/a><\/h3><div class=\"kc_accordion_content ui-accordion-content kc_clearfix\"><div class=\"kc-panel-body\"><div class=\"kc-elm kc-css-665955 kc_text_block\"><\/p>\n<p>Ti verr\u00e0 riconosciuto lo sconto pari ad una mensilit\u00e0 per ogni amico che attiver\u00e0 una nuova linea con il tuo codice cliente oppure inviando nome e cognome dell&#039;intestatario della tua linea. Pi\u00f9 amici pi\u00f9 mesi gratis!<\/p>\n<p>\n<\/div><\/div><\/div><\/div><div class=\"kc-elm kc-css-68427 kc_accordion_section group \"><h3 class=\"kc_accordion_header ui-accordion-header\"><span class=\"ui-accordion-header-icon ui-icon\"><\/span><a href=\"#sono-previsti-vincoli-contrattuali\" data-prevent=\"scroll\"><i class=\"\"><\/i> Sono previsti vincoli contrattuali?<\/a><\/h3><div class=\"kc_accordion_content ui-accordion-content kc_clearfix\"><div class=\"kc-panel-body\"><div class=\"kc-elm kc-css-636896 kc_text_block\"><\/p>\n<p>Abbiamo profili senza vincoli e altri con vincoli a 12 e 24 mesi. Verifica il tuo contratto! <br \/>Se non lo trovi puoi chiedere una copia inviando un&#039; e-mail a <a href=\"mailto:support@marconiwisp.it\">support@marconiwisp.it<\/a><\/p>\n<p>\n<\/div><\/div><\/div><\/div><div class=\"kc-elm kc-css-343784 kc_accordion_section group \"><h3 class=\"kc_accordion_header ui-accordion-header\"><span class=\"ui-accordion-header-icon ui-icon\"><\/span><a href=\"#eapos-previsto-un-periodo-di-prova\" data-prevent=\"scroll\"><i class=\"\"><\/i> E:apos: previsto un periodo di prova?<\/a><\/h3><div class=\"kc_accordion_content ui-accordion-content kc_clearfix\"><div class=\"kc-panel-body\"><div class=\"kc-elm kc-css-777965 kc_text_block\"><\/p>\n<p>Certo!<br \/>Sottoscrivendo il contratto avrai diritto al ripensamento entro 15 giorni , senza costi a tuo carico. <br \/>Dopo questo termine il contratto si intender\u00e0 perfezionato.<br \/>Il costo dell&#039;installazione non sar\u00e0 rimborsato<\/p>\n<p>\n<\/div><\/div><\/div><\/div><div class=\"kc-elm kc-css-997388 kc_accordion_section group \"><h3 class=\"kc_accordion_header ui-accordion-header\"><span class=\"ui-accordion-header-icon ui-icon\"><\/span><a href=\"#posso-utilizzare-un-router-in-mio-possesso\" data-prevent=\"scroll\"><i class=\"\"><\/i> Posso utilizzare un router in mio possesso?<\/a><\/h3><div class=\"kc_accordion_content ui-accordion-content kc_clearfix\"><div class=\"kc-panel-body\"><div class=\"kc-elm kc-css-782562 kc_text_block\"><\/p>\n<p>Si! <br \/>Con la nostra connessione puoi utilizzare qualsiasi router in tuo possesso.<\/p>\n<p>\n<\/div><\/div><\/div><\/div><\/div>\n<div class=\"kc-elm kc-css-468641\" style=\"height: 10px; clear: both; width:100%;\"><\/div><div class=\"kc-elm kc-css-192680\" style=\"height: 10px; clear: both; width:100%;\"><\/div><\/div><\/div><\/div><div class=\"kc-elm kc-css-627047 hidden-sm hidden-xs\" style=\"height: 70px; clear: both; width:100%;\"><\/div><\/div><\/div><\/div><\/div><\/section>\n","protected":false},"excerpt":{"rendered":"","protected":false},"author":1,"featured_media":0,"parent":0,"menu_order":0,"comment_status":"closed","ping_status":"closed","template":"","meta":{"footnotes":""},"class_list":["post-1892","page","type-page","status-publish","hentry"],"yoast_head":"<!-- This site is optimized with the Yoast SEO plugin v26.6 - https:\/\/yoast.com\/wordpress\/plugins\/seo\/ -->\n<title>FAQ - Marconi Solutions WiSP - Internet Service Provider<\/title>\n<meta name=\"description\" content=\"Per avere chiarimenti sul nostro servizio di connettivit\u00e0 o per risolvere un problema tecnico o amministrativo\" \/>\n<meta name=\"robots\" content=\"index, follow, max-snippet:-1, max-image-preview:large, max-video-preview:-1\" \/>\n<link rel=\"canonical\" href=\"https:\/\/marconiwisp.it\/web\/fqa\/\" \/>\n<meta property=\"og:locale\" content=\"it_IT\" \/>\n<meta property=\"og:type\" content=\"article\" \/>\n<meta property=\"og:title\" content=\"FAQ - Marconi Solutions WiSP - Internet Service Provider\" \/>\n<meta property=\"og:description\" content=\"Per avere chiarimenti sul nostro servizio di connettivit\u00e0 o per risolvere un problema tecnico o amministrativo\" \/>\n<meta property=\"og:url\" content=\"https:\/\/marconiwisp.it\/web\/fqa\/\" \/>\n<meta property=\"og:site_name\" content=\"Marconi Solutions WiSP - Internet Service Provider\" \/>\n<meta property=\"article:publisher\" content=\"https:\/\/www.facebook.com\/marconiwisp\" \/>\n<meta property=\"article:modified_time\" content=\"2024-01-11T11:10:53+00:00\" \/>\n<meta name=\"twitter:card\" content=\"summary_large_image\" \/>\n<meta name=\"twitter:site\" content=\"@marconiwisp\" \/>\n<meta name=\"twitter:label1\" content=\"Tempo di lettura stimato\" \/>\n\t<meta name=\"twitter:data1\" content=\"2 minuti\" \/>\n<script type=\"application\/ld+json\" class=\"yoast-schema-graph\">{\"@context\":\"https:\/\/schema.org\",\"@graph\":[{\"@type\":\"WebPage\",\"@id\":\"https:\/\/marconiwisp.it\/web\/fqa\/\",\"url\":\"https:\/\/marconiwisp.it\/web\/fqa\/\",\"name\":\"FAQ - Marconi Solutions WiSP - Internet Service Provider\",\"isPartOf\":{\"@id\":\"https:\/\/marconiwisp.it\/web\/#website\"},\"datePublished\":\"2016-09-28T07:20:31+00:00\",\"dateModified\":\"2024-01-11T11:10:53+00:00\",\"description\":\"Per avere chiarimenti sul nostro servizio di connettivit\u00e0 o per risolvere un problema tecnico o amministrativo\",\"breadcrumb\":{\"@id\":\"https:\/\/marconiwisp.it\/web\/fqa\/#breadcrumb\"},\"inLanguage\":\"it-IT\",\"potentialAction\":[{\"@type\":\"ReadAction\",\"target\":[\"https:\/\/marconiwisp.it\/web\/fqa\/\"]}]},{\"@type\":\"BreadcrumbList\",\"@id\":\"https:\/\/marconiwisp.it\/web\/fqa\/#breadcrumb\",\"itemListElement\":[{\"@type\":\"ListItem\",\"position\":1,\"name\":\"Home\",\"item\":\"https:\/\/marconiwisp.it\/web\/\"},{\"@type\":\"ListItem\",\"position\":2,\"name\":\"FAQ\"}]},{\"@type\":\"WebSite\",\"@id\":\"https:\/\/marconiwisp.it\/web\/#website\",\"url\":\"https:\/\/marconiwisp.it\/web\/\",\"name\":\"Marconi Solutions WiSP - Internet Service Provider - Connessioni in Fibra\",\"description\":\"Marconi Solutions WiSP - Connessione Internet a Banda Larga in Fibra - Societ\u00e0 di telecomunicazioni autorizzata dal Ministero\",\"publisher\":{\"@id\":\"https:\/\/marconiwisp.it\/web\/#organization\"},\"potentialAction\":[{\"@type\":\"SearchAction\",\"target\":{\"@type\":\"EntryPoint\",\"urlTemplate\":\"https:\/\/marconiwisp.it\/web\/?s={search_term_string}\"},\"query-input\":{\"@type\":\"PropertyValueSpecification\",\"valueRequired\":true,\"valueName\":\"search_term_string\"}}],\"inLanguage\":\"it-IT\"},{\"@type\":\"Organization\",\"@id\":\"https:\/\/marconiwisp.it\/web\/#organization\",\"name\":\"Marconi Solutions WiSP\",\"url\":\"https:\/\/marconiwisp.it\/web\/\",\"logo\":{\"@type\":\"ImageObject\",\"inLanguage\":\"it-IT\",\"@id\":\"https:\/\/marconiwisp.it\/web\/#\/schema\/logo\/image\/\",\"url\":\"https:\/\/marconiwisp.it\/web\/wp-content\/uploads\/2020\/09\/Marconi-WiSP.png\",\"contentUrl\":\"https:\/\/marconiwisp.it\/web\/wp-content\/uploads\/2020\/09\/Marconi-WiSP.png\",\"width\":733,\"height\":256,\"caption\":\"Marconi Solutions WiSP\"},\"image\":{\"@id\":\"https:\/\/marconiwisp.it\/web\/#\/schema\/logo\/image\/\"},\"sameAs\":[\"https:\/\/www.facebook.com\/marconiwisp\",\"https:\/\/x.com\/marconiwisp\"]}]}<\/script>\n<!-- \/ Yoast SEO plugin. -->","yoast_head_json":{"title":"FAQ - Marconi Solutions WiSP - Internet Service Provider","description":"Per avere chiarimenti sul nostro servizio di connettivit\u00e0 o per risolvere un problema tecnico o amministrativo","robots":{"index":"index","follow":"follow","max-snippet":"max-snippet:-1","max-image-preview":"max-image-preview:large","max-video-preview":"max-video-preview:-1"},"canonical":"https:\/\/marconiwisp.it\/web\/fqa\/","og_locale":"it_IT","og_type":"article","og_title":"FAQ - Marconi Solutions WiSP - Internet Service Provider","og_description":"Per avere chiarimenti sul nostro servizio di connettivit\u00e0 o per risolvere un problema tecnico o amministrativo","og_url":"https:\/\/marconiwisp.it\/web\/fqa\/","og_site_name":"Marconi Solutions WiSP - Internet Service Provider","article_publisher":"https:\/\/www.facebook.com\/marconiwisp","article_modified_time":"2024-01-11T11:10:53+00:00","twitter_card":"summary_large_image","twitter_site":"@marconiwisp","twitter_misc":{"Tempo di lettura stimato":"2 minuti"},"schema":{"@context":"https:\/\/schema.org","@graph":[{"@type":"WebPage","@id":"https:\/\/marconiwisp.it\/web\/fqa\/","url":"https:\/\/marconiwisp.it\/web\/fqa\/","name":"FAQ - Marconi Solutions WiSP - Internet Service Provider","isPartOf":{"@id":"https:\/\/marconiwisp.it\/web\/#website"},"datePublished":"2016-09-28T07:20:31+00:00","dateModified":"2024-01-11T11:10:53+00:00","description":"Per avere chiarimenti sul nostro servizio di connettivit\u00e0 o per risolvere un problema tecnico o amministrativo","breadcrumb":{"@id":"https:\/\/marconiwisp.it\/web\/fqa\/#breadcrumb"},"inLanguage":"it-IT","potentialAction":[{"@type":"ReadAction","target":["https:\/\/marconiwisp.it\/web\/fqa\/"]}]},{"@type":"BreadcrumbList","@id":"https:\/\/marconiwisp.it\/web\/fqa\/#breadcrumb","itemListElement":[{"@type":"ListItem","position":1,"name":"Home","item":"https:\/\/marconiwisp.it\/web\/"},{"@type":"ListItem","position":2,"name":"FAQ"}]},{"@type":"WebSite","@id":"https:\/\/marconiwisp.it\/web\/#website","url":"https:\/\/marconiwisp.it\/web\/","name":"Marconi Solutions WiSP - Internet Service Provider - Connessioni in Fibra","description":"Marconi Solutions WiSP - Connessione Internet a Banda Larga in Fibra - Societ\u00e0 di telecomunicazioni autorizzata dal Ministero","publisher":{"@id":"https:\/\/marconiwisp.it\/web\/#organization"},"potentialAction":[{"@type":"SearchAction","target":{"@type":"EntryPoint","urlTemplate":"https:\/\/marconiwisp.it\/web\/?s={search_term_string}"},"query-input":{"@type":"PropertyValueSpecification","valueRequired":true,"valueName":"search_term_string"}}],"inLanguage":"it-IT"},{"@type":"Organization","@id":"https:\/\/marconiwisp.it\/web\/#organization","name":"Marconi Solutions WiSP","url":"https:\/\/marconiwisp.it\/web\/","logo":{"@type":"ImageObject","inLanguage":"it-IT","@id":"https:\/\/marconiwisp.it\/web\/#\/schema\/logo\/image\/","url":"https:\/\/marconiwisp.it\/web\/wp-content\/uploads\/2020\/09\/Marconi-WiSP.png","contentUrl":"https:\/\/marconiwisp.it\/web\/wp-content\/uploads\/2020\/09\/Marconi-WiSP.png","width":733,"height":256,"caption":"Marconi Solutions WiSP"},"image":{"@id":"https:\/\/marconiwisp.it\/web\/#\/schema\/logo\/image\/"},"sameAs":["https:\/\/www.facebook.com\/marconiwisp","https:\/\/x.com\/marconiwisp"]}]}},"_links":{"self":[{"href":"https:\/\/marconiwisp.it\/web\/wp-json\/wp\/v2\/pages\/1892","targetHints":{"allow":["GET"]}}],"collection":[{"href":"https:\/\/marconiwisp.it\/web\/wp-json\/wp\/v2\/pages"}],"about":[{"href":"https:\/\/marconiwisp.it\/web\/wp-json\/wp\/v2\/types\/page"}],"author":[{"embeddable":true,"href":"https:\/\/marconiwisp.it\/web\/wp-json\/wp\/v2\/users\/1"}],"replies":[{"embeddable":true,"href":"https:\/\/marconiwisp.it\/web\/wp-json\/wp\/v2\/comments?post=1892"}],"version-history":[{"count":25,"href":"https:\/\/marconiwisp.it\/web\/wp-json\/wp\/v2\/pages\/1892\/revisions"}],"predecessor-version":[{"id":2947,"href":"https:\/\/marconiwisp.it\/web\/wp-json\/wp\/v2\/pages\/1892\/revisions\/2947"}],"wp:attachment":[{"href":"https:\/\/marconiwisp.it\/web\/wp-json\/wp\/v2\/media?parent=1892"}],"curies":[{"name":"wp","href":"https:\/\/api.w.org\/{rel}","templated":true}]}}